{"id":949,"date":"2018-03-13T13:18:28","date_gmt":"2018-03-13T13:18:28","guid":{"rendered":"https:\/\/schisto.pt\/our-concept\/"},"modified":"2018-03-13T13:18:28","modified_gmt":"2018-03-13T13:18:28","slug":"our-concept","status":"publish","type":"page","link":"https:\/\/schisto.pt\/en\/our-concept\/","title":{"rendered":"Our Concept"},"content":{"rendered":"\t\t<div data-elementor-type=\"wp-page\" data-elementor-id=\"949\" class=\"elementor elementor-949 elementor-10\" data-elementor-post-type=\"page\">\n\t\t\t\t<div class=\"elementor-element elementor-element-f0bb9f4 e-flex e-con-boxed e-con e-parent\" data-id=\"f0bb9f4\" data-element_type=\"container\" data-e-type=\"container\" data-settings=\"{&quot;background_background&quot;:&quot;classic&quot;}\">\n\t\t\t\t\t<div class=\"e-con-inner\">\n\t\t<div class=\"elementor-element elementor-element-a658f22 e-con-full e-flex e-con e-child\" data-id=\"a658f22\" data-element_type=\"container\" data-e-type=\"container\">\n\t\t\t\t<div class=\"elementor-element elementor-element-dbe2a0c elementor-widget elementor-widget-heading\" data-id=\"dbe2a0c\" data-element_type=\"widget\" data-e-type=\"widget\" data-widget_type=\"heading.default\">\n\t\t\t\t\t<h2 class=\"elementor-heading-title elementor-size-default\">O CONCEITO <\/h2>\t\t\t\t<\/div>\n\t\t\t\t<div class=\"elementor-element elementor-element-6289008 elementor-widget elementor-widget-heading\" data-id=\"6289008\" data-element_type=\"widget\" data-e-type=\"widget\" data-widget_type=\"heading.default\">\n\t\t\t\t\t<h2 class=\"elementor-heading-title elementor-size-default\">Schist\u00f3 by Chef V\u00edtor Matos <\/h2>\t\t\t\t<\/div>\n\t\t\t\t<div class=\"elementor-element elementor-element-233813d elementor-widget elementor-widget-text-editor\" data-id=\"233813d\" data-element_type=\"widget\" data-e-type=\"widget\" data-widget_type=\"text-editor.default\">\n\t\t\t\t\t\t\t\t\t<p><span data-contrast=\"auto\">O Schist\u00f3 nasce da vontade de reimaginar a cozinha duriense com ousadia, arte e respeito pela origem. A liga\u00e7\u00e3o \u00e0 terra \u00e9 profunda: legumes, frutas e ervas v\u00eam diretamente da horta biol\u00f3gica da Quinta da Vacaria, onde tudo cresce em sintonia com os ciclos da natureza.<\/span><span data-ccp-props=\"{&quot;335559738&quot;:240,&quot;335559739&quot;:240}\">\u00a0<\/span><\/p>\t\t\t\t\t\t\t\t<\/div>\n\t\t\t\t<\/div>\n\t\t\t\t\t<\/div>\n\t\t\t\t<\/div>\n\t\t<div class=\"elementor-element elementor-element-a152c89 e-flex e-con-boxed e-con e-parent\" data-id=\"a152c89\" data-element_type=\"container\" data-e-type=\"container\">\n\t\t\t\t\t<div class=\"e-con-inner\">\n\t\t\t\t<div class=\"elementor-element elementor-element-d1d9665 elementor-widget elementor-widget-image\" data-id=\"d1d9665\" data-element_type=\"widget\" data-e-type=\"widget\" data-widget_type=\"image.default\">\n\t\t\t\t\t\t\t\t\t\t\t\t\t\t\t<img fetchpriority=\"high\" decoding=\"async\" width=\"1707\" height=\"1690\" src=\"https:\/\/schisto.pt\/wp-content\/uploads\/2025\/08\/HORTA-scaled-e1756387063114.jpg\" class=\"attachment-full size-full wp-image-946\" alt=\"\" srcset=\"https:\/\/schisto.pt\/wp-content\/uploads\/2025\/08\/HORTA-scaled-e1756387063114.jpg 1707w, https:\/\/schisto.pt\/wp-content\/uploads\/2025\/08\/HORTA-scaled-e1756387063114-500x495.jpg 500w, https:\/\/schisto.pt\/wp-content\/uploads\/2025\/08\/HORTA-scaled-e1756387063114-1200x1188.jpg 1200w, https:\/\/schisto.pt\/wp-content\/uploads\/2025\/08\/HORTA-scaled-e1756387063114-300x297.jpg 300w, https:\/\/schisto.pt\/wp-content\/uploads\/2025\/08\/HORTA-scaled-e1756387063114-768x760.jpg 768w, https:\/\/schisto.pt\/wp-content\/uploads\/2025\/08\/HORTA-scaled-e1756387063114-1536x1521.jpg 1536w, https:\/\/schisto.pt\/wp-content\/uploads\/2025\/08\/HORTA-scaled-e1756387063114-12x12.jpg 12w\" sizes=\"(max-width: 1707px) 100vw, 1707px\" \/>\t\t\t\t\t\t\t\t\t\t\t\t\t\t\t<\/div>\n\t\t\t\t\t<\/div>\n\t\t\t\t<\/div>\n\t\t<div class=\"elementor-element elementor-element-049ba11 e-flex e-con-boxed e-con e-parent\" data-id=\"049ba11\" data-element_type=\"container\" data-e-type=\"container\">\n\t\t\t\t\t<div class=\"e-con-inner\">\n\t\t\t\t<div class=\"elementor-element elementor-element-eea15c8 elementor-widget elementor-widget-heading\" data-id=\"eea15c8\" data-element_type=\"widget\" data-e-type=\"widget\" data-widget_type=\"heading.default\">\n\t\t\t\t\t<h2 class=\"elementor-heading-title elementor-size-default\">\u201cUm Hino \u00e0 Gastronomia Portuguesa\u201d \u2013  Vitor Matos<\/h2>\t\t\t\t<\/div>\n\t\t\t\t<div class=\"elementor-element elementor-element-35ad2ba elementor-widget__width-initial elementor-widget elementor-widget-text-editor\" data-id=\"35ad2ba\" data-element_type=\"widget\" data-e-type=\"widget\" data-widget_type=\"text-editor.default\">\n\t\t\t\t\t\t\t\t\t<p class=\"x_MsoNormal\"><span lang=\"PT\" data-olk-copy-source=\"MessageBody\">No Schist\u00f3, cada experi\u00eancia gastron\u00f3mica \u00e9 uma viagem sensorial pelo Douro, assente em produtos locais &#8211; muitos deles provenientes da nossa pr\u00f3pria Quinta &#8211; e transformada em momentos de estrela MICHELIN que exaltam a origem, a simplicidade e a autenticidade de cada ingrediente. Sendo o \u00fanico restaurante com estrela MICHELIN no Vale do Douro, este projeto de alta cozinha, \u00fanico no Douro, \u00e9 descrito pelo chef respons\u00e1vel como um verdadeiro \u2018hino \u00e0 gastronomia portuguesa\u2019.<\/span><\/p>\n<p class=\"x_MsoNormal\"><span lang=\"PT\">Com parcerias locais bem enraizadas, valorizamos o que \u00e9 genu\u00edno, fresco e aut\u00eantico. A cozinha do Schist\u00f3, guiada pelo Chef Vitor Matos, \u00e9 uma performance gastron\u00f3mica onde damos nova vida aos sabores de sempre, atrav\u00e9s de t\u00e9cnicas modernas e de uma est\u00e9tica apurada.<\/span><\/p>\t\t\t\t\t\t\t\t<\/div>\n\t\t\t\t<div class=\"elementor-element elementor-element-c7909ba elementor-widget elementor-widget-image\" data-id=\"c7909ba\" data-element_type=\"widget\" data-e-type=\"widget\" data-widget_type=\"image.default\">\n\t\t\t\t\t\t\t\t\t\t\t\t\t\t\t<img decoding=\"async\" width=\"1707\" height=\"1826\" src=\"https:\/\/schisto.pt\/wp-content\/uploads\/2025\/08\/Cozinha-43-1-scaled-e1756387218926.jpg\" class=\"attachment-full size-full wp-image-947\" alt=\"\" srcset=\"https:\/\/schisto.pt\/wp-content\/uploads\/2025\/08\/Cozinha-43-1-scaled-e1756387218926.jpg 1707w, https:\/\/schisto.pt\/wp-content\/uploads\/2025\/08\/Cozinha-43-1-scaled-e1756387218926-467x500.jpg 467w, https:\/\/schisto.pt\/wp-content\/uploads\/2025\/08\/Cozinha-43-1-scaled-e1756387218926-1122x1200.jpg 1122w, https:\/\/schisto.pt\/wp-content\/uploads\/2025\/08\/Cozinha-43-1-scaled-e1756387218926-280x300.jpg 280w, https:\/\/schisto.pt\/wp-content\/uploads\/2025\/08\/Cozinha-43-1-scaled-e1756387218926-768x822.jpg 768w, https:\/\/schisto.pt\/wp-content\/uploads\/2025\/08\/Cozinha-43-1-scaled-e1756387218926-1436x1536.jpg 1436w, https:\/\/schisto.pt\/wp-content\/uploads\/2025\/08\/Cozinha-43-1-scaled-e1756387218926-11x12.jpg 11w\" sizes=\"(max-width: 1707px) 100vw, 1707px\" \/>\t\t\t\t\t\t\t\t\t\t\t\t\t\t\t<\/div>\n\t\t\t\t<div class=\"elementor-element elementor-element-e31b726 elementor-widget__width-initial elementor-widget elementor-widget-text-editor\" data-id=\"e31b726\" data-element_type=\"widget\" data-e-type=\"widget\" data-widget_type=\"text-editor.default\">\n\t\t\t\t\t\t\t\t\t<p><span data-contrast=\"auto\">Com parcerias locais bem enraizadas, valorizamos o que \u00e9 genu\u00edno, fresco e aut\u00eantico. A cozinha do Schist\u00f3, guiada pelo Chef Vitor Matos, \u00e9 uma performance gastron\u00f3mica onde damos nova vida aos sabores de sempre, atrav\u00e9s de t\u00e9cnicas modernas e uma est\u00e9tica apurada.<\/span><span data-ccp-props=\"{&quot;335559738&quot;:240,&quot;335559739&quot;:240}\">\u00a0<\/span><\/p>\t\t\t\t\t\t\t\t<\/div>\n\t\t\t\t\t<\/div>\n\t\t\t\t<\/div>\n\t\t\t\t<\/div>\n\t\t","protected":false},"excerpt":{"rendered":"<p>THE CONCEPT Schist\u00f3 by Chef V\u00edtor Matos Schist\u00f3 was born from the desire to reimagine Douro cuisine with boldness, art, and respect for its origins. The connection to the land is deep: vegetables, fruits, and herbs come directly from the organic garden at Quinta da Vacaria, where everything grows in harmony with nature&#8217;s cycles. \u201cA [&hellip;]<\/p>\n","protected":false},"author":1,"featured_media":948,"parent":0,"menu_order":0,"comment_status":"open","ping_status":"closed","template":"","meta":{"footnotes":""},"class_list":["post-949","page","type-page","status-publish","has-post-thumbnail","hentry"],"_links":{"self":[{"href":"https:\/\/schisto.pt\/en\/wp-json\/wp\/v2\/pages\/949","targetHints":{"allow":["GET"]}}],"collection":[{"href":"https:\/\/schisto.pt\/en\/wp-json\/wp\/v2\/pages"}],"about":[{"href":"https:\/\/schisto.pt\/en\/wp-json\/wp\/v2\/types\/page"}],"author":[{"embeddable":true,"href":"https:\/\/schisto.pt\/en\/wp-json\/wp\/v2\/users\/1"}],"replies":[{"embeddable":true,"href":"https:\/\/schisto.pt\/en\/wp-json\/wp\/v2\/comments?post=949"}],"version-history":[{"count":0,"href":"https:\/\/schisto.pt\/en\/wp-json\/wp\/v2\/pages\/949\/revisions"}],"wp:featuredmedia":[{"embeddable":true,"href":"https:\/\/schisto.pt\/en\/wp-json\/wp\/v2\/media\/948"}],"wp:attachment":[{"href":"https:\/\/schisto.pt\/en\/wp-json\/wp\/v2\/media?parent=949"}],"curies":[{"name":"wp","href":"https:\/\/api.w.org\/{rel}","templated":true}]}}